{"id":33,"date":"2022-11-09T11:52:40","date_gmt":"2022-11-09T11:52:40","guid":{"rendered":"https:\/\/relaks-domki.pl\/?page_id=33"},"modified":"2024-09-10T13:55:29","modified_gmt":"2024-09-10T13:55:29","slug":"cennik","status":"publish","type":"page","link":"https:\/\/relaks-domki.pl\/?page_id=33","title":{"rendered":"Cennik"},"content":{"rendered":"\t\t<div data-elementor-type=\"wp-page\" data-elementor-id=\"33\" class=\"elementor elementor-33\">\n\t\t\t\t\t\t<section class=\"elementor-section elementor-top-section elementor-element elementor-element-59f17980 elementor-section-height-min-height elementor-section-items-stretch elementor-section-content-middle elementor-section-boxed elementor-section-height-default\" data-id=\"59f17980\" data-element_type=\"section\" data-e-type=\"section\" data-settings=\"{&quot;background_background&quot;:&quot;classic&quot;}\">\n\t\t\t\t\t\t<div class=\"elementor-container elementor-column-gap-no\">\n\t\t\t\t\t<div class=\"elementor-column elementor-col-100 elementor-top-column elementor-element elementor-element-3e60918c\" data-id=\"3e60918c\" data-element_type=\"column\" data-e-type=\"column\">\n\t\t\t<div class=\"elementor-widget-wrap elementor-element-populated\">\n\t\t\t\t\t\t<div class=\"elementor-element elementor-element-7f996865 elementor-widget__width-initial e-transform elementor-invisible elementor-widget elementor-widget-heading\" data-id=\"7f996865\" data-element_type=\"widget\" data-e-type=\"widget\" data-settings=\"{&quot;_animation&quot;:&quot;fadeIn&quot;,&quot;_transform_scale_effect&quot;:{&quot;unit&quot;:&quot;px&quot;,&quot;size&quot;:&quot;&quot;,&quot;sizes&quot;:[]},&quot;_transform_scale_effect_tablet&quot;:{&quot;unit&quot;:&quot;px&quot;,&quot;size&quot;:&quot;&quot;,&quot;sizes&quot;:[]},&quot;_transform_scale_effect_mobile&quot;:{&quot;unit&quot;:&quot;px&quot;,&quot;size&quot;:&quot;&quot;,&quot;sizes&quot;:[]}}\" data-widget_type=\"heading.default\">\n\t\t\t\t<div class=\"elementor-widget-container\">\n\t\t\t\t\t<h1 class=\"elementor-heading-title elementor-size-default\">Aktualny cennik<br>dOMKI NAD MORZEM<\/h1>\t\t\t\t<\/div>\n\t\t\t\t<\/div>\n\t\t\t\t\t<\/div>\n\t\t<\/div>\n\t\t\t\t\t<\/div>\n\t\t<\/section>\n\t\t\t\t<section class=\"elementor-section elementor-top-section elementor-element elementor-element-524b6fed elementor-section-full_width elementor-section-height-min-height elementor-section-items-stretch elementor-section-content-middle elementor-section-height-default\" data-id=\"524b6fed\" data-element_type=\"section\" data-e-type=\"section\">\n\t\t\t\t\t\t<div class=\"elementor-container elementor-column-gap-no\">\n\t\t\t\t\t<div class=\"elementor-column elementor-col-50 elementor-top-column elementor-element elementor-element-4824ac1d\" data-id=\"4824ac1d\" data-element_type=\"column\" data-e-type=\"column\" data-settings=\"{&quot;background_background&quot;:&quot;classic&quot;}\">\n\t\t\t<div class=\"elementor-widget-wrap elementor-element-populated\">\n\t\t\t\t\t\t<div class=\"elementor-element elementor-element-2dd81e5e elementor-invisible elementor-widget elementor-widget-image\" data-id=\"2dd81e5e\" data-element_type=\"widget\" data-e-type=\"widget\" data-settings=\"{&quot;_animation&quot;:&quot;fadeIn&quot;}\" data-widget_type=\"image.default\">\n\t\t\t\t<div class=\"elementor-widget-container\">\n\t\t\t\t\t\t\t\t\t\t\t\t\t\t\t<img fetchpriority=\"high\" decoding=\"async\" width=\"1440\" height=\"2560\" src=\"https:\/\/relaks-domki.pl\/wp-content\/uploads\/2022\/11\/latarnia-scaled.jpg\" class=\"attachment-full size-full wp-image-103\" alt=\"\" srcset=\"https:\/\/relaks-domki.pl\/wp-content\/uploads\/2022\/11\/latarnia-scaled.jpg 1440w, https:\/\/relaks-domki.pl\/wp-content\/uploads\/2022\/11\/latarnia-169x300.jpg 169w, https:\/\/relaks-domki.pl\/wp-content\/uploads\/2022\/11\/latarnia-576x1024.jpg 576w, https:\/\/relaks-domki.pl\/wp-content\/uploads\/2022\/11\/latarnia-768x1365.jpg 768w, https:\/\/relaks-domki.pl\/wp-content\/uploads\/2022\/11\/latarnia-864x1536.jpg 864w, https:\/\/relaks-domki.pl\/wp-content\/uploads\/2022\/11\/latarnia-1152x2048.jpg 1152w\" sizes=\"(max-width: 1440px) 100vw, 1440px\" \/>\t\t\t\t\t\t\t\t\t\t\t\t\t\t\t<\/div>\n\t\t\t\t<\/div>\n\t\t\t\t\t<\/div>\n\t\t<\/div>\n\t\t\t\t<div class=\"elementor-column elementor-col-50 elementor-top-column elementor-element elementor-element-552ca107\" data-id=\"552ca107\" data-element_type=\"column\" data-e-type=\"column\">\n\t\t\t<div class=\"elementor-widget-wrap elementor-element-populated\">\n\t\t\t\t\t\t<div class=\"elementor-element elementor-element-1a803072 elementor-widget-divider--view-line elementor-widget elementor-widget-divider\" data-id=\"1a803072\" data-element_type=\"widget\" data-e-type=\"widget\" data-widget_type=\"divider.default\">\n\t\t\t\t<div class=\"elementor-widget-container\">\n\t\t\t\t\t\t\t<div class=\"elementor-divider\">\n\t\t\t<span class=\"elementor-divider-separator\">\n\t\t\t\t\t\t<\/span>\n\t\t<\/div>\n\t\t\t\t\t\t<\/div>\n\t\t\t\t<\/div>\n\t\t\t\t<div class=\"elementor-element elementor-element-2b8c08ee elementor-widget__width-inherit elementor-widget elementor-widget-text-editor\" data-id=\"2b8c08ee\" data-element_type=\"widget\" data-e-type=\"widget\" data-widget_type=\"text-editor.default\">\n\t\t\t\t<div class=\"elementor-widget-container\">\n\t\t\t\t\t\t\t\t\t<h2><strong>Ceny wynajmu domk\u00f3w w sezonie 2024:<\/strong>\u00a0<\/h2>\t\t\t\t\t\t\t\t<\/div>\n\t\t\t\t<\/div>\n\t\t\t\t<section class=\"elementor-section elementor-inner-section elementor-element elementor-element-2e0e69a elementor-section-boxed elementor-section-height-default elementor-section-height-default\" data-id=\"2e0e69a\" data-element_type=\"section\" data-e-type=\"section\">\n\t\t\t\t\t\t<div class=\"elementor-container elementor-column-gap-default\">\n\t\t\t\t\t<div class=\"elementor-column elementor-col-100 elementor-inner-column elementor-element elementor-element-0da26ce\" data-id=\"0da26ce\" data-element_type=\"column\" data-e-type=\"column\">\n\t\t\t<div class=\"elementor-widget-wrap elementor-element-populated\">\n\t\t\t\t\t\t<div class=\"elementor-element elementor-element-fc90a6e elementor-widget elementor-widget-text-editor\" data-id=\"fc90a6e\" data-element_type=\"widget\" data-e-type=\"widget\" data-widget_type=\"text-editor.default\">\n\t\t\t\t<div class=\"elementor-widget-container\">\n\t\t\t\t\t\t\t\t\t<p><span style=\"text-decoration-line: underline;\">1 stycznia &#8211; 28 kwietnia<\/span>\u00a0<\/p><p style=\"font-size: 23px;\">400 z\u0142\/ doba<\/p><p style=\"font-size: 23px;\"><span style=\"text-decoration-line: underline;\">28 kwietnia &#8211;\u00a0 30 czerwca<\/span><\/p><p style=\"font-size: 23px;\">450 z\u0142 \/ doba<\/p><p style=\"font-size: 23px;\"><span style=\"text-decoration-line: underline;\">30 czerwca &#8211; 31 sierpnia<\/span><\/p><p style=\"font-size: 23px;\">550 z\u0142\/ doba<\/p><p style=\"font-size: 23px;\"><span style=\"text-decoration-line: underline;\">1 wrze\u015bnia &#8211;\u00a0 29 wrze\u015bnia<\/span><\/p><p style=\"font-size: 23px;\">400 z\u0142\/ doba<\/p><p style=\"font-size: 23px;\"><span style=\"text-decoration-line: underline;\">29 wrze\u015bnia &#8211; 28 grudnia<\/span><\/p><p style=\"font-size: 23px;\">350 z\u0142\/ doba<\/p><p style=\"font-size: 23px;\">sylwester (29.12-01.01)<\/p><p style=\"font-size: 23px;\">600 z\u0142\/ doba<\/p>\t\t\t\t\t\t\t\t<\/div>\n\t\t\t\t<\/div>\n\t\t\t\t\t<\/div>\n\t\t<\/div>\n\t\t\t\t\t<\/div>\n\t\t<\/section>\n\t\t\t\t\t<\/div>\n\t\t<\/div>\n\t\t\t\t\t<\/div>\n\t\t<\/section>\n\t\t\t\t<section class=\"elementor-section elementor-top-section elementor-element elementor-element-bcdce6f elementor-section-height-full elementor-section-items-stretch elementor-section-content-middle elementor-section-boxed elementor-section-height-default\" data-id=\"bcdce6f\" data-element_type=\"section\" data-e-type=\"section\" data-settings=\"{&quot;background_background&quot;:&quot;classic&quot;}\">\n\t\t\t\t\t\t<div class=\"elementor-container elementor-column-gap-extended\">\n\t\t\t\t\t<div class=\"elementor-column elementor-col-50 elementor-top-column elementor-element elementor-element-7785e42b\" data-id=\"7785e42b\" data-element_type=\"column\" data-e-type=\"column\">\n\t\t\t<div class=\"elementor-widget-wrap elementor-element-populated\">\n\t\t\t\t\t\t<div class=\"elementor-element elementor-element-651e056d elementor-widget elementor-widget-heading\" data-id=\"651e056d\" data-element_type=\"widget\" data-e-type=\"widget\" data-widget_type=\"heading.default\">\n\t\t\t\t<div class=\"elementor-widget-container\">\n\t\t\t\t\t<h3 class=\"elementor-heading-title elementor-size-default\">Informacja!<\/h3>\t\t\t\t<\/div>\n\t\t\t\t<\/div>\n\t\t\t\t<div class=\"elementor-element elementor-element-b594938 elementor-widget elementor-widget-text-editor\" data-id=\"b594938\" data-element_type=\"widget\" data-e-type=\"widget\" data-widget_type=\"text-editor.default\">\n\t\t\t\t<div class=\"elementor-widget-container\">\n\t\t\t\t\t\t\t\t\t<p>Podane kwoty s\u0105 <strong>ca\u0142kowit\u0105 cen\u0105 pobytu<\/strong>, nie doliczamy dodatkowych op\u0142at za zu\u017cycie pr\u0105du\/wody\u00a0<\/p><p>Zanim zarezerwujesz pobyt zapoznaj si\u0119 z regulaminem<\/p>\t\t\t\t\t\t\t\t<\/div>\n\t\t\t\t<\/div>\n\t\t\t\t<div class=\"elementor-element elementor-element-2fb53ef5 elementor-align-center e-transform e-transform elementor-widget elementor-widget-button\" data-id=\"2fb53ef5\" data-element_type=\"widget\" data-e-type=\"widget\" data-settings=\"{&quot;_transform_translateX_effect&quot;:{&quot;unit&quot;:&quot;px&quot;,&quot;size&quot;:0,&quot;sizes&quot;:[]},&quot;_transform_translateY_effect&quot;:{&quot;unit&quot;:&quot;px&quot;,&quot;size&quot;:-42,&quot;sizes&quot;:[]},&quot;_transform_scale_effect&quot;:{&quot;unit&quot;:&quot;px&quot;,&quot;size&quot;:1.4,&quot;sizes&quot;:[]},&quot;_transform_translateX_effect_tablet&quot;:{&quot;unit&quot;:&quot;px&quot;,&quot;size&quot;:&quot;&quot;,&quot;sizes&quot;:[]},&quot;_transform_translateX_effect_mobile&quot;:{&quot;unit&quot;:&quot;px&quot;,&quot;size&quot;:&quot;&quot;,&quot;sizes&quot;:[]},&quot;_transform_translateY_effect_tablet&quot;:{&quot;unit&quot;:&quot;px&quot;,&quot;size&quot;:&quot;&quot;,&quot;sizes&quot;:[]},&quot;_transform_translateY_effect_mobile&quot;:{&quot;unit&quot;:&quot;px&quot;,&quot;size&quot;:&quot;&quot;,&quot;sizes&quot;:[]},&quot;_transform_scale_effect_tablet&quot;:{&quot;unit&quot;:&quot;px&quot;,&quot;size&quot;:&quot;&quot;,&quot;sizes&quot;:[]},&quot;_transform_scale_effect_mobile&quot;:{&quot;unit&quot;:&quot;px&quot;,&quot;size&quot;:&quot;&quot;,&quot;sizes&quot;:[]}}\" data-widget_type=\"button.default\">\n\t\t\t\t<div class=\"elementor-widget-container\">\n\t\t\t\t\t\t\t\t\t<div class=\"elementor-button-wrapper\">\n\t\t\t\t\t<a class=\"elementor-button elementor-button-link elementor-size-md elementor-animation-hang\" href=\"https:\/\/relaks-domki.pl\/?page_id=21\">\n\t\t\t\t\t\t<span class=\"elementor-button-content-wrapper\">\n\t\t\t\t\t\t\t\t\t<span class=\"elementor-button-text\">Rezerwuj ju\u017c dzi\u015b ! <\/span>\n\t\t\t\t\t<\/span>\n\t\t\t\t\t<\/a>\n\t\t\t\t<\/div>\n\t\t\t\t\t\t\t\t<\/div>\n\t\t\t\t<\/div>\n\t\t\t\t\t<\/div>\n\t\t<\/div>\n\t\t\t\t<div class=\"elementor-column elementor-col-50 elementor-top-column elementor-element elementor-element-631748d0\" data-id=\"631748d0\" data-element_type=\"column\" data-e-type=\"column\" data-settings=\"{&quot;background_background&quot;:&quot;classic&quot;}\">\n\t\t\t<div class=\"elementor-widget-wrap\">\n\t\t\t\t\t\t\t<\/div>\n\t\t<\/div>\n\t\t\t\t\t<\/div>\n\t\t<\/section>\n\t\t\t\t<\/div>\n\t\t","protected":false},"excerpt":{"rendered":"<p>Aktualny cennikdOMKI NAD MORZEM Ceny wynajmu domk\u00f3w w sezonie 2024:\u00a0 1 stycznia &#8211; 28 kwietnia\u00a0 400 z\u0142\/ doba 28 kwietnia &#8211;\u00a0 30 czerwca 450 z\u0142 \/ doba 30 czerwca &#8211; 31 sierpnia 550 z\u0142\/ doba 1 wrze\u015bnia &#8211;\u00a0 29 wrze\u015bnia 400 z\u0142\/ doba 29 wrze\u015bnia &#8211; 28 grudnia 350 z\u0142\/ [&hellip;]<\/p>\n","protected":false},"author":1,"featured_media":0,"parent":0,"menu_order":0,"comment_status":"closed","ping_status":"closed","template":"","meta":{"footnotes":""},"class_list":["post-33","page","type-page","status-publish","hentry"],"yoast_head":"<!-- This site is optimized with the Yoast SEO plugin v27.6 - https:\/\/yoast.com\/product\/yoast-seo-wordpress\/ -->\n<title>Cennik - Domki nad morzem<\/title>\n<meta name=\"description\" content=\"Jaros\u0142awiec zaprasza! Komfortowe domki nad morzem z ogr\u00f3dkiem. Cisza, niedaleko pla\u017ca i z\u0142ote zachody. Idealny wypoczynek.\" \/>\n<meta name=\"robots\" content=\"index, follow, max-snippet:-1, max-image-preview:large, max-video-preview:-1\" \/>\n<link rel=\"canonical\" href=\"https:\/\/relaks-domki.pl\/?page_id=33\" \/>\n<meta property=\"og:locale\" content=\"pl_PL\" \/>\n<meta property=\"og:type\" content=\"article\" \/>\n<meta property=\"og:title\" content=\"Cennik - Domki nad morzem\" \/>\n<meta property=\"og:description\" content=\"Jaros\u0142awiec zaprasza! Komfortowe domki nad morzem z ogr\u00f3dkiem. Cisza, niedaleko pla\u017ca i z\u0142ote zachody. Idealny wypoczynek.\" \/>\n<meta property=\"og:url\" content=\"https:\/\/relaks-domki.pl\/?page_id=33\" \/>\n<meta property=\"og:site_name\" content=\"Domki nad morzem\" \/>\n<meta property=\"article:modified_time\" content=\"2024-09-10T13:55:29+00:00\" \/>\n<meta property=\"og:image\" content=\"http:\/\/relaks-domki.pl\/wp-content\/uploads\/2022\/11\/latarnia-scaled.jpg\" \/>\n<meta name=\"twitter:card\" content=\"summary_large_image\" \/>\n<meta name=\"twitter:label1\" content=\"Szacowany czas czytania\" \/>\n\t<meta name=\"twitter:data1\" content=\"1 minuta\" \/>\n<script type=\"application\/ld+json\" class=\"yoast-schema-graph\">{\"@context\":\"https:\\\/\\\/schema.org\",\"@graph\":[{\"@type\":\"WebPage\",\"@id\":\"https:\\\/\\\/relaks-domki.pl\\\/?page_id=33\",\"url\":\"https:\\\/\\\/relaks-domki.pl\\\/?page_id=33\",\"name\":\"Cennik - Domki nad morzem\",\"isPartOf\":{\"@id\":\"https:\\\/\\\/relaks-domki.pl\\\/#website\"},\"primaryImageOfPage\":{\"@id\":\"https:\\\/\\\/relaks-domki.pl\\\/?page_id=33#primaryimage\"},\"image\":{\"@id\":\"https:\\\/\\\/relaks-domki.pl\\\/?page_id=33#primaryimage\"},\"thumbnailUrl\":\"http:\\\/\\\/relaks-domki.pl\\\/wp-content\\\/uploads\\\/2022\\\/11\\\/latarnia-scaled.jpg\",\"datePublished\":\"2022-11-09T11:52:40+00:00\",\"dateModified\":\"2024-09-10T13:55:29+00:00\",\"description\":\"Jaros\u0142awiec zaprasza! Komfortowe domki nad morzem z ogr\u00f3dkiem. Cisza, niedaleko pla\u017ca i z\u0142ote zachody. Idealny wypoczynek.\",\"breadcrumb\":{\"@id\":\"https:\\\/\\\/relaks-domki.pl\\\/?page_id=33#breadcrumb\"},\"inLanguage\":\"pl-PL\",\"potentialAction\":[{\"@type\":\"ReadAction\",\"target\":[\"https:\\\/\\\/relaks-domki.pl\\\/?page_id=33\"]}]},{\"@type\":\"ImageObject\",\"inLanguage\":\"pl-PL\",\"@id\":\"https:\\\/\\\/relaks-domki.pl\\\/?page_id=33#primaryimage\",\"url\":\"http:\\\/\\\/relaks-domki.pl\\\/wp-content\\\/uploads\\\/2022\\\/11\\\/latarnia-scaled.jpg\",\"contentUrl\":\"http:\\\/\\\/relaks-domki.pl\\\/wp-content\\\/uploads\\\/2022\\\/11\\\/latarnia-scaled.jpg\"},{\"@type\":\"BreadcrumbList\",\"@id\":\"https:\\\/\\\/relaks-domki.pl\\\/?page_id=33#breadcrumb\",\"itemListElement\":[{\"@type\":\"ListItem\",\"position\":1,\"name\":\"Strona g\u0142\u00f3wna\",\"item\":\"https:\\\/\\\/relaks-domki.pl\\\/\"},{\"@type\":\"ListItem\",\"position\":2,\"name\":\"Cennik\"}]},{\"@type\":\"WebSite\",\"@id\":\"https:\\\/\\\/relaks-domki.pl\\\/#website\",\"url\":\"https:\\\/\\\/relaks-domki.pl\\\/\",\"name\":\"Domki nad morzem\",\"description\":\"relaks-domki\",\"potentialAction\":[{\"@type\":\"SearchAction\",\"target\":{\"@type\":\"EntryPoint\",\"urlTemplate\":\"https:\\\/\\\/relaks-domki.pl\\\/?s={search_term_string}\"},\"query-input\":{\"@type\":\"PropertyValueSpecification\",\"valueRequired\":true,\"valueName\":\"search_term_string\"}}],\"inLanguage\":\"pl-PL\"}]}<\/script>\n<!-- \/ Yoast SEO plugin. -->","yoast_head_json":{"title":"Cennik - Domki nad morzem","description":"Jaros\u0142awiec zaprasza! Komfortowe domki nad morzem z ogr\u00f3dkiem. Cisza, niedaleko pla\u017ca i z\u0142ote zachody. Idealny wypoczynek.","robots":{"index":"index","follow":"follow","max-snippet":"max-snippet:-1","max-image-preview":"max-image-preview:large","max-video-preview":"max-video-preview:-1"},"canonical":"https:\/\/relaks-domki.pl\/?page_id=33","og_locale":"pl_PL","og_type":"article","og_title":"Cennik - Domki nad morzem","og_description":"Jaros\u0142awiec zaprasza! Komfortowe domki nad morzem z ogr\u00f3dkiem. Cisza, niedaleko pla\u017ca i z\u0142ote zachody. Idealny wypoczynek.","og_url":"https:\/\/relaks-domki.pl\/?page_id=33","og_site_name":"Domki nad morzem","article_modified_time":"2024-09-10T13:55:29+00:00","og_image":[{"url":"http:\/\/relaks-domki.pl\/wp-content\/uploads\/2022\/11\/latarnia-scaled.jpg","type":"","width":"","height":""}],"twitter_card":"summary_large_image","twitter_misc":{"Szacowany czas czytania":"1 minuta"},"schema":{"@context":"https:\/\/schema.org","@graph":[{"@type":"WebPage","@id":"https:\/\/relaks-domki.pl\/?page_id=33","url":"https:\/\/relaks-domki.pl\/?page_id=33","name":"Cennik - Domki nad morzem","isPartOf":{"@id":"https:\/\/relaks-domki.pl\/#website"},"primaryImageOfPage":{"@id":"https:\/\/relaks-domki.pl\/?page_id=33#primaryimage"},"image":{"@id":"https:\/\/relaks-domki.pl\/?page_id=33#primaryimage"},"thumbnailUrl":"http:\/\/relaks-domki.pl\/wp-content\/uploads\/2022\/11\/latarnia-scaled.jpg","datePublished":"2022-11-09T11:52:40+00:00","dateModified":"2024-09-10T13:55:29+00:00","description":"Jaros\u0142awiec zaprasza! Komfortowe domki nad morzem z ogr\u00f3dkiem. Cisza, niedaleko pla\u017ca i z\u0142ote zachody. Idealny wypoczynek.","breadcrumb":{"@id":"https:\/\/relaks-domki.pl\/?page_id=33#breadcrumb"},"inLanguage":"pl-PL","potentialAction":[{"@type":"ReadAction","target":["https:\/\/relaks-domki.pl\/?page_id=33"]}]},{"@type":"ImageObject","inLanguage":"pl-PL","@id":"https:\/\/relaks-domki.pl\/?page_id=33#primaryimage","url":"http:\/\/relaks-domki.pl\/wp-content\/uploads\/2022\/11\/latarnia-scaled.jpg","contentUrl":"http:\/\/relaks-domki.pl\/wp-content\/uploads\/2022\/11\/latarnia-scaled.jpg"},{"@type":"BreadcrumbList","@id":"https:\/\/relaks-domki.pl\/?page_id=33#breadcrumb","itemListElement":[{"@type":"ListItem","position":1,"name":"Strona g\u0142\u00f3wna","item":"https:\/\/relaks-domki.pl\/"},{"@type":"ListItem","position":2,"name":"Cennik"}]},{"@type":"WebSite","@id":"https:\/\/relaks-domki.pl\/#website","url":"https:\/\/relaks-domki.pl\/","name":"Domki nad morzem","description":"relaks-domki","potentialAction":[{"@type":"SearchAction","target":{"@type":"EntryPoint","urlTemplate":"https:\/\/relaks-domki.pl\/?s={search_term_string}"},"query-input":{"@type":"PropertyValueSpecification","valueRequired":true,"valueName":"search_term_string"}}],"inLanguage":"pl-PL"}]}},"_links":{"self":[{"href":"https:\/\/relaks-domki.pl\/index.php?rest_route=\/wp\/v2\/pages\/33","targetHints":{"allow":["GET"]}}],"collection":[{"href":"https:\/\/relaks-domki.pl\/index.php?rest_route=\/wp\/v2\/pages"}],"about":[{"href":"https:\/\/relaks-domki.pl\/index.php?rest_route=\/wp\/v2\/types\/page"}],"author":[{"embeddable":true,"href":"https:\/\/relaks-domki.pl\/index.php?rest_route=\/wp\/v2\/users\/1"}],"replies":[{"embeddable":true,"href":"https:\/\/relaks-domki.pl\/index.php?rest_route=%2Fwp%2Fv2%2Fcomments&post=33"}],"version-history":[{"count":30,"href":"https:\/\/relaks-domki.pl\/index.php?rest_route=\/wp\/v2\/pages\/33\/revisions"}],"predecessor-version":[{"id":522,"href":"https:\/\/relaks-domki.pl\/index.php?rest_route=\/wp\/v2\/pages\/33\/revisions\/522"}],"wp:attachment":[{"href":"https:\/\/relaks-domki.pl\/index.php?rest_route=%2Fwp%2Fv2%2Fmedia&parent=33"}],"curies":[{"name":"wp","href":"https:\/\/api.w.org\/{rel}","templated":true}]}}