{"id":217,"date":"2023-02-11T13:51:18","date_gmt":"2023-02-11T13:51:18","guid":{"rendered":"https:\/\/relaks-domki.pl\/?page_id=217"},"modified":"2023-09-12T11:03:26","modified_gmt":"2023-09-12T11:03:26","slug":"regulamin","status":"publish","type":"page","link":"https:\/\/relaks-domki.pl\/?page_id=217","title":{"rendered":"Regulamin"},"content":{"rendered":"\t\t<div data-elementor-type=\"wp-page\" data-elementor-id=\"217\" class=\"elementor elementor-217\">\n\t\t\t\t\t\t<section class=\"elementor-section elementor-top-section elementor-element elementor-element-e64e5c7 elementor-section-boxed elementor-section-height-default elementor-section-height-default\" data-id=\"e64e5c7\" data-element_type=\"section\" data-e-type=\"section\">\n\t\t\t\t\t\t<div class=\"elementor-container elementor-column-gap-default\">\n\t\t\t\t\t<div class=\"elementor-column elementor-col-100 elementor-top-column elementor-element elementor-element-23011e2\" data-id=\"23011e2\" data-element_type=\"column\" data-e-type=\"column\">\n\t\t\t<div class=\"elementor-widget-wrap elementor-element-populated\">\n\t\t\t\t\t\t<div class=\"elementor-element elementor-element-c95b315 elementor-widget elementor-widget-heading\" data-id=\"c95b315\" data-element_type=\"widget\" data-e-type=\"widget\" data-widget_type=\"heading.default\">\n\t\t\t\t<div class=\"elementor-widget-container\">\n\t\t\t\t\t<h1 class=\"elementor-heading-title elementor-size-default\">Regulamin - Domki nad morzem<\/h1>\t\t\t\t<\/div>\n\t\t\t\t<\/div>\n\t\t\t\t<div class=\"elementor-element elementor-element-77f3112 elementor-widget elementor-widget-heading\" data-id=\"77f3112\" data-element_type=\"widget\" data-e-type=\"widget\" data-widget_type=\"heading.default\">\n\t\t\t\t<div class=\"elementor-widget-container\">\n\t\t\t\t\t<h2 class=\"elementor-heading-title elementor-size-default\">Regulamin wynajmu domk\u00f3w nad morzem<\/h2>\t\t\t\t<\/div>\n\t\t\t\t<\/div>\n\t\t\t\t\t<\/div>\n\t\t<\/div>\n\t\t\t\t\t<\/div>\n\t\t<\/section>\n\t\t\t\t<section class=\"elementor-section elementor-top-section elementor-element elementor-element-2d8feb6 elementor-section-boxed elementor-section-height-default elementor-section-height-default\" data-id=\"2d8feb6\" data-element_type=\"section\" data-e-type=\"section\">\n\t\t\t\t\t\t<div class=\"elementor-container elementor-column-gap-default\">\n\t\t\t\t\t<div class=\"elementor-column elementor-col-100 elementor-top-column elementor-element elementor-element-9f81c31\" data-id=\"9f81c31\" data-element_type=\"column\" data-e-type=\"column\">\n\t\t\t<div class=\"elementor-widget-wrap elementor-element-populated\">\n\t\t\t\t\t\t<div class=\"elementor-element elementor-element-1573cec elementor-widget elementor-widget-text-editor\" data-id=\"1573cec\" data-element_type=\"widget\" data-e-type=\"widget\" data-widget_type=\"text-editor.default\">\n\t\t\t\t<div class=\"elementor-widget-container\">\n\t\t\t\t\t\t\t\t\t<p><\/p>\n<ol>\n<li style=\"font-weight: 400;\" aria-level=\"1\"><span style=\"font-weight: 400;\">Wst\u0119pna rezerwacja terminu wynajmu domku mo\u017cliwa jest telefonicznie lub mailowo.<\/span><\/li>\n<li style=\"font-weight: 400;\" aria-level=\"1\"><span style=\"font-weight: 400;\">Warunkiem potwierdzenia wst\u0119pnej rezerwacji jest wp\u0142ata zadatku w kwocie 30% warto\u015bci wynajmu w terminie wskazanym w potwierdzeniu wst\u0119pnej rezerwacji wysy\u0142anej drog\u0105 mailow\u0105.<\/span><\/li>\n<li style=\"font-weight: 400;\" aria-level=\"1\"><span style=\"font-weight: 400;\">Brak wp\u0142aty zadatku we wskazanym terminie skutkuje anulowaniem wst\u0119pnej rezerwacji.<\/span><\/li>\n<li style=\"font-weight: 400;\" aria-level=\"1\"><span style=\"font-weight: 400;\">W przypadku rezygnacji z rezerwacji wp\u0142acony zadatek nie podlega zwrotowi.<\/span><\/li>\n<li style=\"font-weight: 400;\" aria-level=\"1\"><span style=\"font-weight: 400;\">Op\u0142ata za wynajem domku pobierana jest z g\u00f3ry got\u00f3wk\u0105 pierwszego dnia pobytu lub przelewem przed dniem przyjazdu.<\/span><\/li>\n<li style=\"font-weight: 400;\" aria-level=\"1\"><span style=\"font-weight: 400;\">W przypadku skr\u00f3cenia wynajmu domku przez Go\u015bcia, pobrana op\u0142ata za wynajem jest bezzwrotna.<\/span><\/li>\n<li style=\"font-weight: 400;\" aria-level=\"1\"><span style=\"font-weight: 400;\">Go\u015bcie zobowi\u0105zani s\u0105 do okazania dokumentu to\u017csamo\u015bci w celu zameldowania. Zameldowanie odbywa si\u0119 z dokumentu stwierdzaj\u0105cego to\u017csamo\u015b\u0107 osoby (dow\u00f3d osobisty, prawo jazdy, paszport, legitymacja szkolna lub studencka).<\/span><\/li>\n<li style=\"font-weight: 400;\" aria-level=\"1\"><span style=\"font-weight: 400;\">Go\u015b\u0107 otrzymuje jeden klucz do drzwi wej\u015bciowych \u2013 jego zgubienie skutkuje naliczeniem dodatkowej op\u0142aty w wysoko\u015bci 100 z\u0142.<\/span><\/li>\n<li style=\"font-weight: 400;\" aria-level=\"1\"><span style=\"font-weight: 400;\">Doba hotelowa zaczyna si\u0119 o godzinie 15, a ko\u0144czy si\u0119 o godzinie 11.<\/span><\/li>\n<li style=\"font-weight: 400;\" aria-level=\"1\"><span style=\"font-weight: 400;\">Go\u015bci z zasady przyjmujemy w godzinach od 15 do 18, wcze\u015bniejsze lub p\u00f3\u017aniejsze zakwaterowanie mo\u017cliwe jest po wcze\u015bniejszym ustaleniu.<\/span><\/li>\n<li style=\"font-weight: 400;\" aria-level=\"1\"><span style=\"font-weight: 400;\">Istnieje mo\u017cliwo\u015b\u0107 p\u00f3\u017aniejszego wykwaterowania tj. do godziny 12 za dodatkow\u0105 op\u0142at\u0105 50 z\u0142.<\/span><\/li>\n<li style=\"font-weight: 400;\" aria-level=\"1\"><span style=\"font-weight: 400;\">Brak przyjazdu Go\u015bcia bez wcze\u015bniejszej informacji do godziny 10 dnia nast\u0119puj\u0105cego po dniu um\u00f3wionego przyjazdu, oznacza rezygnacj\u0119 z wynajmu. Gospodarz mo\u017ce wynaj\u0105\u0107 domek innej osobie.<\/span><\/li>\n<li style=\"font-weight: 400;\" aria-level=\"1\"><span style=\"font-weight: 400;\">Cena wynajmu domku obejmuje koszt zu\u017cytej energii elektrycznej oraz wody w codziennym u\u017cytkowaniu. \u0141adowanie pojazdu elektrycznego nale\u017cy uzgodni\u0107 z w\u0142a\u015bcicielem i ui\u015bci\u0107 op\u0142at\u0119 wysoko\u015bci 100 z\u0142.&nbsp;<\/span><\/li>\n<li style=\"font-weight: 400;\" aria-level=\"1\"><span style=\"font-weight: 400;\">Prosimy o zdanie wynajmowanego domku w stanie zbli\u017conym do tego, w jakim go Pa\u0144stwo otrzymali. Z regu\u0142y nie pobieramy dodatkowej op\u0142aty za ko\u0144cowe sprz\u0105tanie, ale w przypadku pozostawienia ra\u017c\u0105cego nie\u0142adu (np. \u015bmieci na pod\u0142odze, brudne naczynia, plamy na kanapie itp.) Go\u015bcie b\u0119d\u0105 proszeni o jego uprz\u0105tni\u0119cie lub zostan\u0105 obci\u0105\u017ceni dodatkowym kosztem w wysoko\u015bci 100 z\u0142.<\/span><\/li>\n<li style=\"font-weight: 400;\" aria-level=\"1\"><span style=\"font-weight: 400;\">Go\u015b\u0107 zobowi\u0105zany jest do sprawdzenia stanu wyposa\u017cenia domku w dniu przyjazdu oraz o niezw\u0142oczne poinformowanie Gospodarza o jakichkolwiek nieprawid\u0142owo\u015bciach.<\/span><\/li>\n<li style=\"font-weight: 400;\" aria-level=\"1\"><span style=\"font-weight: 400;\">Go\u015bcie ponosz\u0105 ca\u0142kowit\u0105 odpowiedzialno\u015b\u0107 materialn\u0105 za wszelkiego rodzaju uszkodzenia lub zniszczenia przedmiot\u00f3w wyposa\u017cenia lub urz\u0105dze\u0144 technicznych powsta\u0142e z ich winy lub winy odwiedzaj\u0105cych ich os\u00f3b.<\/span><\/li>\n<li style=\"font-weight: 400;\" aria-level=\"1\"><span style=\"font-weight: 400;\">W domku obowi\u0105zuje ca\u0142kowity i kategoryczny zakaz palenia papieros\u00f3w itp. rzeczy mog\u0105cych powodowa\u0107 ci\u0119\u017cki do usuni\u0119cia zapach. W przypadku niezastosowania si\u0119 do powy\u017cszego Go\u015b\u0107 zostanie obci\u0105\u017cony kosztem dezodoryzacji pomieszczenia.<\/span><\/li>\n<li style=\"font-weight: 400;\" aria-level=\"1\"><span style=\"font-weight: 400;\">Zabrania si\u0119 przenoszenia wyposa\u017cenia mi\u0119dzy domkami, a tak\u017ce zmiany ustawienia mebli w domku bez wyra\u017anej zgody Gospodarza. Przed wyjazdem wszelkie zmiany powinny powr\u00f3ci\u0107 do stanu pierwotnego.<\/span><\/li>\n<li style=\"font-weight: 400;\" aria-level=\"1\"><span style=\"font-weight: 400;\">Na terenie posesji obowi\u0105zuje cisza nocna w godzinach 22:00-7:00.<\/span><\/li>\n<li style=\"font-weight: 400;\" aria-level=\"1\"><span style=\"font-weight: 400;\">Osoby niezameldowane mog\u0105 przebywa\u0107 na terenie posesji tylko i wy\u0142\u0105cznie za wyra\u017an\u0105 zgod\u0105 Gospodarza.<\/span><\/li>\n<li style=\"font-weight: 400;\" aria-level=\"1\"><span style=\"font-weight: 400;\">Gospodarz nie ponosi odpowiedzialno\u015bci z tytu\u0142u utraty lub uszkodzenia pieni\u0119dzy, papier\u00f3w warto\u015bciowych, kosztowno\u015bci albo przedmiot\u00f3w maj\u0105cych warto\u015b\u0107 naukow\u0105 lub artystyczn\u0105 lub innych rzeczy materialnych Go\u015bci.<\/span><\/li>\n<li style=\"font-weight: 400;\" aria-level=\"1\"><span style=\"font-weight: 400;\">Gospodarz zapewnia jedno bezp\u0142atne miejsce parkingowe do ka\u017cdego domku, aczkolwiek nie ponosi odpowiedzialno\u015bci za uszkodzenie, utrat\u0119 samochodu lub innego pojazdu nale\u017c\u0105cego do Go\u015bcia.<\/span><\/li>\n<li style=\"font-weight: 400;\" aria-level=\"1\"><span style=\"font-weight: 400;\">Obowi\u0105zuje bezwzgl\u0119dny zakaz wjazdu na teren posesji samochod\u00f3w oraz innych pojazd\u00f3w mechanicznych os\u00f3b nie b\u0119d\u0105cych naszymi Go\u015b\u0107mi.<\/span><\/li>\n<li style=\"font-weight: 400;\" aria-level=\"1\"><span style=\"font-weight: 400;\">Go\u015bcie nie maj\u0105 prawa przekazywa\u0107 zwalnianego przez siebie domku innym osobom, nawet je\u015bli nie up\u0142yn\u0105\u0142 okres, za kt\u00f3ry ui\u015bcili nale\u017cn\u0105 op\u0142at\u0119.<\/span><\/li>\n<li style=\"font-weight: 400;\" aria-level=\"1\"><span style=\"font-weight: 400;\">Gospodarz lub osoba przez niego upowa\u017cniona ma prawo usun\u0105\u0107 Go\u015bci przed zako\u0144czeniem terminu wynajmu w przypadku naruszenia przez nich zasad wsp\u00f3\u0142\u017cycia spo\u0142ecznego i bezpiecze\u0144stwa, a tak\u017ce gdy Go\u015bcie naruszaj\u0105 porz\u0105dek i spok\u00f3j. Mo\u017cliwe jest to po dwukrotnym ostrze\u017ceniu o konsekwencji niew\u0142a\u015bciwego lub niebezpiecznego zachowania. W tym przypadku nie nast\u0119puje zwrot pieni\u0119dzy za wynajem.<\/span><\/li>\n<li style=\"font-weight: 400;\" aria-level=\"1\"><span style=\"font-weight: 400;\">Gospodarz oddaje do u\u017cytku plac zabaw dla dzieci (m. in. piaskownica, hu\u015btawki, trampolina), jednak nie ponosi odpowiedzialno\u015bci za bezpiecze\u0144stwo i zdrowie korzystaj\u0105cych z niego dzieci. Ca\u0142kowit\u0105 odpowiedzialno\u015b\u0107 ponosz\u0105 rodzice b\u0105d\u017a opiekunowie prawni.<\/span><\/li>\n<li style=\"font-weight: 400;\" aria-level=\"1\"><span style=\"font-weight: 400;\">Przy ka\u017cdym z domk\u00f3w znajduje si\u0119 betonowy grill \u2013 zezwala si\u0119 na u\u017cywanie tylko i wy\u0142\u0105cznie w\u0119gla drzewnego lub brykietu.<\/span><\/li>\n<li style=\"font-weight: 400;\" aria-level=\"1\"><span style=\"font-weight: 400;\">Gospodarz nie prowadzi us\u0142ug serwisu pokojowego oraz sprz\u0105tania domk\u00f3w podczas pobytu, dlatego obowi\u0105zkiem osoby wynajmuj\u0105cej jest utrzymanie og\u00f3lnego porz\u0105dku w wynaj\u0119tym domku, jego obr\u0119bie oraz miejscach przeznaczonych do u\u017cytku wsp\u00f3lnego.<\/span><\/li>\n<li style=\"font-weight: 400;\" aria-level=\"1\"><span style=\"font-weight: 400;\">Prosimy o segregacj\u0119 \u015bmieci. Na posesji znajduj\u0105 si\u0119 pojemniki na szk\u0142o, plastiki i metale, papier oraz pozosta\u0142o\u015bci po segregacji.<\/span><\/li>\n<li style=\"font-weight: 400;\" aria-level=\"1\"><span style=\"font-weight: 400;\">Istnieje mo\u017cliwo\u015b\u0107 przyjazdu z dobrze u\u0142o\u017conym zwierz\u0119ciem domowym po wcze\u015bniejszym uzgodnieniu z Gospodarzem. Z uwagi na innych Go\u015bci zakaz przyjazdu z rasami ps\u00f3w powszechnie uwa\u017canymi za niebezpieczne. Dodatkowy koszt to 20 z\u0142\/doba za sztuk\u0119.<\/span><\/li>\n<li style=\"font-weight: 400;\" aria-level=\"1\"><span style=\"font-weight: 400;\">Istnieje mo\u017cliwo\u015b\u0107 wypo\u017cyczenia roweru w cenie 15 z\u0142\/doba.<\/span><\/li>\n<li style=\"font-weight: 400;\" aria-level=\"1\"><span style=\"font-weight: 400;\">W momencie wp\u0142aty zadatku, Go\u015b\u0107 potwierdza zapoznanie si\u0119 z niniejszym Regulaminem i wyra\u017ca zgod\u0119 na warunki w nim zawarte.<\/span><\/li>\n<li style=\"font-weight: 400;\" aria-level=\"1\"><span style=\"font-weight: 400;\">Osoby wynajmuj\u0105ce domek wyra\u017caj\u0105 zgod\u0119 na przechowywanie i przetwarzanie danych osobowych zgodnie z ustaw\u0105 o ochronie danych osobowych U. z 2002 r. nr 101, poz. 926 z p\u00f3\u017aniejszymi zmianami).<\/span><\/li>\n<\/ol>\t\t\t\t\t\t\t\t<\/div>\n\t\t\t\t<\/div>\n\t\t\t\t\t<\/div>\n\t\t<\/div>\n\t\t\t\t\t<\/div>\n\t\t<\/section>\n\t\t\t\t<\/div>\n\t\t","protected":false},"excerpt":{"rendered":"<p>Regulamin &#8211; Domki nad morzem Regulamin wynajmu domk\u00f3w nad morzem Wst\u0119pna rezerwacja terminu wynajmu domku mo\u017cliwa jest telefonicznie lub mailowo. Warunkiem potwierdzenia wst\u0119pnej rezerwacji jest wp\u0142ata zadatku w kwocie 30% warto\u015bci wynajmu w terminie wskazanym w potwierdzeniu wst\u0119pnej rezerwacji wysy\u0142anej drog\u0105 mailow\u0105. Brak wp\u0142aty zadatku we wskazanym terminie skutkuje anulowaniem [&hellip;]<\/p>\n","protected":false},"author":1,"featured_media":0,"parent":0,"menu_order":0,"comment_status":"closed","ping_status":"closed","template":"page-templates\/template-pagebuilder-full-width.php","meta":{"footnotes":""},"class_list":["post-217","page","type-page","status-publish","hentry"],"yoast_head":"<!-- This site is optimized with the Yoast SEO plugin v27.6 - https:\/\/yoast.com\/product\/yoast-seo-wordpress\/ -->\n<title>Regulamin - Domki nad morzem<\/title>\n<meta name=\"description\" content=\"Urokliwe, przestronne domki nad morzem. Ogr\u00f3d, taras, grill. Komfort w sielskiej atmosferze. Zapoznaj si\u0119 z regulaminem.\" \/>\n<meta name=\"robots\" content=\"index, follow, max-snippet:-1, max-image-preview:large, max-video-preview:-1\" \/>\n<link rel=\"canonical\" href=\"https:\/\/relaks-domki.pl\/?page_id=217\" \/>\n<meta property=\"og:locale\" content=\"pl_PL\" \/>\n<meta property=\"og:type\" content=\"article\" \/>\n<meta property=\"og:title\" content=\"Regulamin - Domki nad morzem\" \/>\n<meta property=\"og:description\" content=\"Urokliwe, przestronne domki nad morzem. Ogr\u00f3d, taras, grill. Komfort w sielskiej atmosferze. Zapoznaj si\u0119 z regulaminem.\" \/>\n<meta property=\"og:url\" content=\"https:\/\/relaks-domki.pl\/?page_id=217\" \/>\n<meta property=\"og:site_name\" content=\"Domki nad morzem\" \/>\n<meta property=\"article:modified_time\" content=\"2023-09-12T11:03:26+00:00\" \/>\n<meta name=\"twitter:card\" content=\"summary_large_image\" \/>\n<meta name=\"twitter:label1\" content=\"Szacowany czas czytania\" \/>\n\t<meta name=\"twitter:data1\" content=\"5 minut\" \/>\n<script type=\"application\/ld+json\" class=\"yoast-schema-graph\">{\"@context\":\"https:\\\/\\\/schema.org\",\"@graph\":[{\"@type\":\"WebPage\",\"@id\":\"https:\\\/\\\/relaks-domki.pl\\\/?page_id=217\",\"url\":\"https:\\\/\\\/relaks-domki.pl\\\/?page_id=217\",\"name\":\"Regulamin - Domki nad morzem\",\"isPartOf\":{\"@id\":\"https:\\\/\\\/relaks-domki.pl\\\/#website\"},\"datePublished\":\"2023-02-11T13:51:18+00:00\",\"dateModified\":\"2023-09-12T11:03:26+00:00\",\"description\":\"Urokliwe, przestronne domki nad morzem. Ogr\u00f3d, taras, grill. Komfort w sielskiej atmosferze. Zapoznaj si\u0119 z regulaminem.\",\"breadcrumb\":{\"@id\":\"https:\\\/\\\/relaks-domki.pl\\\/?page_id=217#breadcrumb\"},\"inLanguage\":\"pl-PL\",\"potentialAction\":[{\"@type\":\"ReadAction\",\"target\":[\"https:\\\/\\\/relaks-domki.pl\\\/?page_id=217\"]}]},{\"@type\":\"BreadcrumbList\",\"@id\":\"https:\\\/\\\/relaks-domki.pl\\\/?page_id=217#breadcrumb\",\"itemListElement\":[{\"@type\":\"ListItem\",\"position\":1,\"name\":\"Strona g\u0142\u00f3wna\",\"item\":\"https:\\\/\\\/relaks-domki.pl\\\/\"},{\"@type\":\"ListItem\",\"position\":2,\"name\":\"Regulamin\"}]},{\"@type\":\"WebSite\",\"@id\":\"https:\\\/\\\/relaks-domki.pl\\\/#website\",\"url\":\"https:\\\/\\\/relaks-domki.pl\\\/\",\"name\":\"Domki nad morzem\",\"description\":\"relaks-domki\",\"potentialAction\":[{\"@type\":\"SearchAction\",\"target\":{\"@type\":\"EntryPoint\",\"urlTemplate\":\"https:\\\/\\\/relaks-domki.pl\\\/?s={search_term_string}\"},\"query-input\":{\"@type\":\"PropertyValueSpecification\",\"valueRequired\":true,\"valueName\":\"search_term_string\"}}],\"inLanguage\":\"pl-PL\"}]}<\/script>\n<!-- \/ Yoast SEO plugin. -->","yoast_head_json":{"title":"Regulamin - Domki nad morzem","description":"Urokliwe, przestronne domki nad morzem. Ogr\u00f3d, taras, grill. Komfort w sielskiej atmosferze. Zapoznaj si\u0119 z regulaminem.","robots":{"index":"index","follow":"follow","max-snippet":"max-snippet:-1","max-image-preview":"max-image-preview:large","max-video-preview":"max-video-preview:-1"},"canonical":"https:\/\/relaks-domki.pl\/?page_id=217","og_locale":"pl_PL","og_type":"article","og_title":"Regulamin - Domki nad morzem","og_description":"Urokliwe, przestronne domki nad morzem. Ogr\u00f3d, taras, grill. Komfort w sielskiej atmosferze. Zapoznaj si\u0119 z regulaminem.","og_url":"https:\/\/relaks-domki.pl\/?page_id=217","og_site_name":"Domki nad morzem","article_modified_time":"2023-09-12T11:03:26+00:00","twitter_card":"summary_large_image","twitter_misc":{"Szacowany czas czytania":"5 minut"},"schema":{"@context":"https:\/\/schema.org","@graph":[{"@type":"WebPage","@id":"https:\/\/relaks-domki.pl\/?page_id=217","url":"https:\/\/relaks-domki.pl\/?page_id=217","name":"Regulamin - Domki nad morzem","isPartOf":{"@id":"https:\/\/relaks-domki.pl\/#website"},"datePublished":"2023-02-11T13:51:18+00:00","dateModified":"2023-09-12T11:03:26+00:00","description":"Urokliwe, przestronne domki nad morzem. Ogr\u00f3d, taras, grill. Komfort w sielskiej atmosferze. Zapoznaj si\u0119 z regulaminem.","breadcrumb":{"@id":"https:\/\/relaks-domki.pl\/?page_id=217#breadcrumb"},"inLanguage":"pl-PL","potentialAction":[{"@type":"ReadAction","target":["https:\/\/relaks-domki.pl\/?page_id=217"]}]},{"@type":"BreadcrumbList","@id":"https:\/\/relaks-domki.pl\/?page_id=217#breadcrumb","itemListElement":[{"@type":"ListItem","position":1,"name":"Strona g\u0142\u00f3wna","item":"https:\/\/relaks-domki.pl\/"},{"@type":"ListItem","position":2,"name":"Regulamin"}]},{"@type":"WebSite","@id":"https:\/\/relaks-domki.pl\/#website","url":"https:\/\/relaks-domki.pl\/","name":"Domki nad morzem","description":"relaks-domki","potentialAction":[{"@type":"SearchAction","target":{"@type":"EntryPoint","urlTemplate":"https:\/\/relaks-domki.pl\/?s={search_term_string}"},"query-input":{"@type":"PropertyValueSpecification","valueRequired":true,"valueName":"search_term_string"}}],"inLanguage":"pl-PL"}]}},"_links":{"self":[{"href":"https:\/\/relaks-domki.pl\/index.php?rest_route=\/wp\/v2\/pages\/217","targetHints":{"allow":["GET"]}}],"collection":[{"href":"https:\/\/relaks-domki.pl\/index.php?rest_route=\/wp\/v2\/pages"}],"about":[{"href":"https:\/\/relaks-domki.pl\/index.php?rest_route=\/wp\/v2\/types\/page"}],"author":[{"embeddable":true,"href":"https:\/\/relaks-domki.pl\/index.php?rest_route=\/wp\/v2\/users\/1"}],"replies":[{"embeddable":true,"href":"https:\/\/relaks-domki.pl\/index.php?rest_route=%2Fwp%2Fv2%2Fcomments&post=217"}],"version-history":[{"count":11,"href":"https:\/\/relaks-domki.pl\/index.php?rest_route=\/wp\/v2\/pages\/217\/revisions"}],"predecessor-version":[{"id":498,"href":"https:\/\/relaks-domki.pl\/index.php?rest_route=\/wp\/v2\/pages\/217\/revisions\/498"}],"wp:attachment":[{"href":"https:\/\/relaks-domki.pl\/index.php?rest_route=%2Fwp%2Fv2%2Fmedia&parent=217"}],"curies":[{"name":"wp","href":"https:\/\/api.w.org\/{rel}","templated":true}]}}