{"id":21,"date":"2022-11-09T11:52:32","date_gmt":"2022-11-09T11:52:32","guid":{"rendered":"https:\/\/relaks-domki.pl\/?page_id=21"},"modified":"2024-09-10T14:15:29","modified_gmt":"2024-09-10T14:15:29","slug":"kontakt","status":"publish","type":"page","link":"https:\/\/relaks-domki.pl\/?page_id=21","title":{"rendered":"Kontakt"},"content":{"rendered":"\t\t<div data-elementor-type=\"wp-page\" data-elementor-id=\"21\" class=\"elementor elementor-21\">\n\t\t\t\t\t\t<section class=\"elementor-section elementor-top-section elementor-element elementor-element-677ada96 elementor-section-full_width elementor-section-height-min-height elementor-section-items-stretch elementor-section-content-top elementor-section-stretched elementor-section-height-default\" data-id=\"677ada96\" data-element_type=\"section\" data-e-type=\"section\" data-settings=\"{&quot;background_background&quot;:&quot;classic&quot;,&quot;stretch_section&quot;:&quot;section-stretched&quot;}\">\n\t\t\t\t\t\t<div class=\"elementor-container elementor-column-gap-custom\">\n\t\t\t\t\t<div class=\"elementor-column elementor-col-100 elementor-top-column elementor-element elementor-element-7d8054a2\" data-id=\"7d8054a2\" data-element_type=\"column\" data-e-type=\"column\">\n\t\t\t<div class=\"elementor-widget-wrap elementor-element-populated\">\n\t\t\t\t\t\t<section class=\"elementor-section elementor-inner-section elementor-element elementor-element-49743cf8 elementor-section-height-min-height elementor-section-content-middle elementor-section-boxed elementor-section-height-default\" data-id=\"49743cf8\" data-element_type=\"section\" data-e-type=\"section\">\n\t\t\t\t\t\t<div class=\"elementor-container elementor-column-gap-default\">\n\t\t\t\t\t<div class=\"elementor-column elementor-col-100 elementor-inner-column elementor-element elementor-element-4eb51ce7\" data-id=\"4eb51ce7\" data-element_type=\"column\" data-e-type=\"column\">\n\t\t\t<div class=\"elementor-widget-wrap elementor-element-populated\">\n\t\t\t\t\t\t<div class=\"elementor-element elementor-element-15f0ca55 elementor-widget__width-initial elementor-invisible elementor-widget elementor-widget-heading\" data-id=\"15f0ca55\" data-element_type=\"widget\" data-e-type=\"widget\" data-settings=\"{&quot;_animation&quot;:&quot;fadeIn&quot;}\" data-widget_type=\"heading.default\">\n\t\t\t\t<div class=\"elementor-widget-container\">\n\t\t\t\t\t<h1 class=\"elementor-heading-title elementor-size-default\">ZAPRASZAMY DO KONTAKTU<\/h1>\t\t\t\t<\/div>\n\t\t\t\t<\/div>\n\t\t\t\t<div class=\"elementor-element elementor-element-2b118212 elementor-widget-divider--view-line elementor-invisible elementor-widget elementor-widget-divider\" data-id=\"2b118212\" data-element_type=\"widget\" data-e-type=\"widget\" data-settings=\"{&quot;_animation&quot;:&quot;fadeIn&quot;,&quot;_animation_delay&quot;:&quot;200&quot;}\" data-widget_type=\"divider.default\">\n\t\t\t\t<div class=\"elementor-widget-container\">\n\t\t\t\t\t\t\t<div class=\"elementor-divider\">\n\t\t\t<span class=\"elementor-divider-separator\">\n\t\t\t\t\t\t<\/span>\n\t\t<\/div>\n\t\t\t\t\t\t<\/div>\n\t\t\t\t<\/div>\n\t\t\t\t<div class=\"elementor-element elementor-element-956ef8d elementor-widget elementor-widget-heading\" data-id=\"956ef8d\" data-element_type=\"widget\" data-e-type=\"widget\" data-widget_type=\"heading.default\">\n\t\t\t\t<div class=\"elementor-widget-container\">\n\t\t\t\t\t<h2 class=\"elementor-heading-title elementor-size-default\">Domki nad morzem<\/h2>\t\t\t\t<\/div>\n\t\t\t\t<\/div>\n\t\t\t\t\t<\/div>\n\t\t<\/div>\n\t\t\t\t\t<\/div>\n\t\t<\/section>\n\t\t\t\t<div class=\"elementor-element elementor-element-7c2663f6 elementor-align-center elementor-list-item-link-inline elementor-icon-list--layout-traditional elementor-invisible elementor-widget elementor-widget-icon-list\" data-id=\"7c2663f6\" data-element_type=\"widget\" data-e-type=\"widget\" data-settings=\"{&quot;_animation&quot;:&quot;fadeIn&quot;}\" data-widget_type=\"icon-list.default\">\n\t\t\t\t<div class=\"elementor-widget-container\">\n\t\t\t\t\t\t\t<ul class=\"elementor-icon-list-items\">\n\t\t\t\t\t\t\t<li class=\"elementor-icon-list-item\">\n\t\t\t\t\t\t\t\t\t\t<span class=\"elementor-icon-list-text\">Adres: Jaros\u0142awiec Jezierzany Ul. Nadmorska<\/span>\n\t\t\t\t\t\t\t\t\t<\/li>\n\t\t\t\t\t\t\t\t<li class=\"elementor-icon-list-item\">\n\t\t\t\t\t\t\t\t\t\t<span class=\"elementor-icon-list-text\">Telefon kontaktowy: 517 453 081<\/span>\n\t\t\t\t\t\t\t\t\t<\/li>\n\t\t\t\t\t\t\t\t<li class=\"elementor-icon-list-item\">\n\t\t\t\t\t\t\t\t\t\t<span class=\"elementor-icon-list-text\">Email: relaks.domki@gmail.com<\/span>\n\t\t\t\t\t\t\t\t\t<\/li>\n\t\t\t\t\t\t<\/ul>\n\t\t\t\t\t\t<\/div>\n\t\t\t\t<\/div>\n\t\t\t\t\t<\/div>\n\t\t<\/div>\n\t\t\t\t\t<\/div>\n\t\t<\/section>\n\t\t\t\t<section class=\"elementor-section elementor-top-section elementor-element elementor-element-226f0ec6 elementor-section-boxed elementor-section-height-default elementor-section-height-default\" data-id=\"226f0ec6\" data-element_type=\"section\" data-e-type=\"section\" data-settings=\"{&quot;animation&quot;:&quot;none&quot;}\">\n\t\t\t\t\t\t<div class=\"elementor-container elementor-column-gap-no\">\n\t\t\t\t\t<div class=\"elementor-column elementor-col-100 elementor-top-column elementor-element elementor-element-d87ea2a\" data-id=\"d87ea2a\" data-element_type=\"column\" data-e-type=\"column\">\n\t\t\t<div class=\"elementor-widget-wrap elementor-element-populated\">\n\t\t\t\t\t\t<div class=\"elementor-element elementor-element-196f740 elementor-widget elementor-widget-spacer\" data-id=\"196f740\" data-element_type=\"widget\" data-e-type=\"widget\" data-widget_type=\"spacer.default\">\n\t\t\t\t<div class=\"elementor-widget-container\">\n\t\t\t\t\t\t\t<div class=\"elementor-spacer\">\n\t\t\t<div class=\"elementor-spacer-inner\"><\/div>\n\t\t<\/div>\n\t\t\t\t\t\t<\/div>\n\t\t\t\t<\/div>\n\t\t\t\t<div class=\"elementor-element elementor-element-ea0a9dc elementor-widget elementor-widget-google_maps\" data-id=\"ea0a9dc\" data-element_type=\"widget\" data-e-type=\"widget\" data-widget_type=\"google_maps.default\">\n\t\t\t\t<div class=\"elementor-widget-container\">\n\t\t\t\t\t\t\t<div class=\"elementor-custom-embed\">\n\t\t\t<iframe loading=\"lazy\"\n\t\t\t\t\tsrc=\"https:\/\/maps.google.com\/maps?q=54.519778%2C%2016.566879&#038;t=m&#038;z=10&#038;output=embed&#038;iwloc=near\"\n\t\t\t\t\ttitle=\"54.519778, 16.566879\"\n\t\t\t\t\taria-label=\"54.519778, 16.566879\"\n\t\t\t><\/iframe>\n\t\t<\/div>\n\t\t\t\t\t\t<\/div>\n\t\t\t\t<\/div>\n\t\t\t\t\t<\/div>\n\t\t<\/div>\n\t\t\t\t\t<\/div>\n\t\t<\/section>\n\t\t\t\t<\/div>\n\t\t","protected":false},"excerpt":{"rendered":"<p>ZAPRASZAMY DO KONTAKTU Domki nad morzem Adres: Jaros\u0142awiec Jezierzany Ul. Nadmorska Telefon kontaktowy: 517 453 081 Email: relaks.domki@gmail.com<\/p>\n","protected":false},"author":1,"featured_media":0,"parent":0,"menu_order":0,"comment_status":"closed","ping_status":"closed","template":"","meta":{"footnotes":""},"class_list":["post-21","page","type-page","status-publish","hentry"],"yoast_head":"<!-- This site is optimized with the Yoast SEO plugin v27.6 - https:\/\/yoast.com\/product\/yoast-seo-wordpress\/ -->\n<title>Kontakt - Domki nad morzem<\/title>\n<meta name=\"description\" content=\"Cisza, spok\u00f3j, blisko\u015b\u0107 natury. Nasze domki w nadmorskiej miejscowo\u015bci to idealne miejsce na urlop. Jaros\u0142awiec czeka!\" \/>\n<meta name=\"robots\" content=\"index, follow, max-snippet:-1, max-image-preview:large, max-video-preview:-1\" \/>\n<link rel=\"canonical\" href=\"https:\/\/relaks-domki.pl\/?page_id=21\" \/>\n<meta property=\"og:locale\" content=\"pl_PL\" \/>\n<meta property=\"og:type\" content=\"article\" \/>\n<meta property=\"og:title\" content=\"Kontakt - Domki nad morzem\" \/>\n<meta property=\"og:description\" content=\"Cisza, spok\u00f3j, blisko\u015b\u0107 natury. Nasze domki w nadmorskiej miejscowo\u015bci to idealne miejsce na urlop. Jaros\u0142awiec czeka!\" \/>\n<meta property=\"og:url\" content=\"https:\/\/relaks-domki.pl\/?page_id=21\" \/>\n<meta property=\"og:site_name\" content=\"Domki nad morzem\" \/>\n<meta property=\"article:modified_time\" content=\"2024-09-10T14:15:29+00:00\" \/>\n<meta name=\"twitter:card\" content=\"summary_large_image\" \/>\n<meta name=\"twitter:label1\" content=\"Szacowany czas czytania\" \/>\n\t<meta name=\"twitter:data1\" content=\"1 minuta\" \/>\n<script type=\"application\/ld+json\" class=\"yoast-schema-graph\">{\"@context\":\"https:\\\/\\\/schema.org\",\"@graph\":[{\"@type\":\"WebPage\",\"@id\":\"https:\\\/\\\/relaks-domki.pl\\\/?page_id=21\",\"url\":\"https:\\\/\\\/relaks-domki.pl\\\/?page_id=21\",\"name\":\"Kontakt - Domki nad morzem\",\"isPartOf\":{\"@id\":\"https:\\\/\\\/relaks-domki.pl\\\/#website\"},\"datePublished\":\"2022-11-09T11:52:32+00:00\",\"dateModified\":\"2024-09-10T14:15:29+00:00\",\"description\":\"Cisza, spok\u00f3j, blisko\u015b\u0107 natury. Nasze domki w nadmorskiej miejscowo\u015bci to idealne miejsce na urlop. Jaros\u0142awiec czeka!\",\"breadcrumb\":{\"@id\":\"https:\\\/\\\/relaks-domki.pl\\\/?page_id=21#breadcrumb\"},\"inLanguage\":\"pl-PL\",\"potentialAction\":[{\"@type\":\"ReadAction\",\"target\":[\"https:\\\/\\\/relaks-domki.pl\\\/?page_id=21\"]}]},{\"@type\":\"BreadcrumbList\",\"@id\":\"https:\\\/\\\/relaks-domki.pl\\\/?page_id=21#breadcrumb\",\"itemListElement\":[{\"@type\":\"ListItem\",\"position\":1,\"name\":\"Strona g\u0142\u00f3wna\",\"item\":\"https:\\\/\\\/relaks-domki.pl\\\/\"},{\"@type\":\"ListItem\",\"position\":2,\"name\":\"Kontakt\"}]},{\"@type\":\"WebSite\",\"@id\":\"https:\\\/\\\/relaks-domki.pl\\\/#website\",\"url\":\"https:\\\/\\\/relaks-domki.pl\\\/\",\"name\":\"Domki nad morzem\",\"description\":\"relaks-domki\",\"potentialAction\":[{\"@type\":\"SearchAction\",\"target\":{\"@type\":\"EntryPoint\",\"urlTemplate\":\"https:\\\/\\\/relaks-domki.pl\\\/?s={search_term_string}\"},\"query-input\":{\"@type\":\"PropertyValueSpecification\",\"valueRequired\":true,\"valueName\":\"search_term_string\"}}],\"inLanguage\":\"pl-PL\"}]}<\/script>\n<!-- \/ Yoast SEO plugin. -->","yoast_head_json":{"title":"Kontakt - Domki nad morzem","description":"Cisza, spok\u00f3j, blisko\u015b\u0107 natury. Nasze domki w nadmorskiej miejscowo\u015bci to idealne miejsce na urlop. Jaros\u0142awiec czeka!","robots":{"index":"index","follow":"follow","max-snippet":"max-snippet:-1","max-image-preview":"max-image-preview:large","max-video-preview":"max-video-preview:-1"},"canonical":"https:\/\/relaks-domki.pl\/?page_id=21","og_locale":"pl_PL","og_type":"article","og_title":"Kontakt - Domki nad morzem","og_description":"Cisza, spok\u00f3j, blisko\u015b\u0107 natury. Nasze domki w nadmorskiej miejscowo\u015bci to idealne miejsce na urlop. Jaros\u0142awiec czeka!","og_url":"https:\/\/relaks-domki.pl\/?page_id=21","og_site_name":"Domki nad morzem","article_modified_time":"2024-09-10T14:15:29+00:00","twitter_card":"summary_large_image","twitter_misc":{"Szacowany czas czytania":"1 minuta"},"schema":{"@context":"https:\/\/schema.org","@graph":[{"@type":"WebPage","@id":"https:\/\/relaks-domki.pl\/?page_id=21","url":"https:\/\/relaks-domki.pl\/?page_id=21","name":"Kontakt - Domki nad morzem","isPartOf":{"@id":"https:\/\/relaks-domki.pl\/#website"},"datePublished":"2022-11-09T11:52:32+00:00","dateModified":"2024-09-10T14:15:29+00:00","description":"Cisza, spok\u00f3j, blisko\u015b\u0107 natury. Nasze domki w nadmorskiej miejscowo\u015bci to idealne miejsce na urlop. Jaros\u0142awiec czeka!","breadcrumb":{"@id":"https:\/\/relaks-domki.pl\/?page_id=21#breadcrumb"},"inLanguage":"pl-PL","potentialAction":[{"@type":"ReadAction","target":["https:\/\/relaks-domki.pl\/?page_id=21"]}]},{"@type":"BreadcrumbList","@id":"https:\/\/relaks-domki.pl\/?page_id=21#breadcrumb","itemListElement":[{"@type":"ListItem","position":1,"name":"Strona g\u0142\u00f3wna","item":"https:\/\/relaks-domki.pl\/"},{"@type":"ListItem","position":2,"name":"Kontakt"}]},{"@type":"WebSite","@id":"https:\/\/relaks-domki.pl\/#website","url":"https:\/\/relaks-domki.pl\/","name":"Domki nad morzem","description":"relaks-domki","potentialAction":[{"@type":"SearchAction","target":{"@type":"EntryPoint","urlTemplate":"https:\/\/relaks-domki.pl\/?s={search_term_string}"},"query-input":{"@type":"PropertyValueSpecification","valueRequired":true,"valueName":"search_term_string"}}],"inLanguage":"pl-PL"}]}},"_links":{"self":[{"href":"https:\/\/relaks-domki.pl\/index.php?rest_route=\/wp\/v2\/pages\/21","targetHints":{"allow":["GET"]}}],"collection":[{"href":"https:\/\/relaks-domki.pl\/index.php?rest_route=\/wp\/v2\/pages"}],"about":[{"href":"https:\/\/relaks-domki.pl\/index.php?rest_route=\/wp\/v2\/types\/page"}],"author":[{"embeddable":true,"href":"https:\/\/relaks-domki.pl\/index.php?rest_route=\/wp\/v2\/users\/1"}],"replies":[{"embeddable":true,"href":"https:\/\/relaks-domki.pl\/index.php?rest_route=%2Fwp%2Fv2%2Fcomments&post=21"}],"version-history":[{"count":72,"href":"https:\/\/relaks-domki.pl\/index.php?rest_route=\/wp\/v2\/pages\/21\/revisions"}],"predecessor-version":[{"id":538,"href":"https:\/\/relaks-domki.pl\/index.php?rest_route=\/wp\/v2\/pages\/21\/revisions\/538"}],"wp:attachment":[{"href":"https:\/\/relaks-domki.pl\/index.php?rest_route=%2Fwp%2Fv2%2Fmedia&parent=21"}],"curies":[{"name":"wp","href":"https:\/\/api.w.org\/{rel}","templated":true}]}}